{"id":16634,"date":"2025-02-06T18:28:33","date_gmt":"2025-02-06T18:28:33","guid":{"rendered":"https:\/\/damejprint.com\/?post_type=product&#038;p=16634"},"modified":"2025-02-06T18:43:43","modified_gmt":"2025-02-06T18:43:43","slug":"dtf-ink-cyan-color","status":"publish","type":"product","link":"https:\/\/damejprint.com\/?product=dtf-ink-cyan-color","title":{"rendered":"DTF ink YELLOW COLOR"},"content":{"rendered":"<div class=\"flex-1 overflow-hidden @container\/thread translate-y-[1.5rem] -mt-[1.5rem] pb-[1.5rem]\">\n<div class=\"h-full\">\n<div class=\"react-scroll-to-bottom--css-gwzvl-79elbk h-full\">\n<div class=\"react-scroll-to-bottom--css-gwzvl-1n7m0yu\">\n<div class=\"flex flex-col text-sm\">\n<article class=\"w-full text-token-text-primary focus-visible:outline-2 focus-visible:outline-offset-[-4px]\" dir=\"auto\" data-testid=\"conversation-turn-25\" data-scroll-anchor=\"true\">\n<div class=\"m-auto text-base py-[18px] px-6\">\n<div class=\"mx-auto flex flex-1 gap-4 text-base md:gap-5 lg:gap-6 md:max-w-3xl\">\n<div class=\"group\/conversation-turn relative flex w-full min-w-0 flex-col agent-turn @xs\/thread:px-0 @sm\/thread:px-1.5 @md\/thread:px-4\">\n<div class=\"flex-col gap-1 md:gap-3\">\n<div class=\"flex max-w-full flex-col flex-grow\">\n<div class=\"min-h-8 text-message flex w-full flex-col items-end gap-2 whitespace-normal break-words text-start [.text-message+&amp;]:mt-5\" dir=\"auto\" data-message-author-role=\"assistant\" data-message-id=\"a53a0b2c-4a64-466b-836c-5cdad1c50404\" data-message-model-slug=\"gpt-4o-mini\">\n<div class=\"flex w-full flex-col gap-1 empty:hidden first:pt-[3px]\">\n<div class=\"markdown prose w-full break-words dark:prose-invert dark\">\n<p>L&rsquo;encre <strong>DTF Jaune<\/strong> est une encre sp\u00e9cifique utilis\u00e9e dans le processus d&rsquo;impression <strong>Direct-to-Film (DTF)<\/strong>. Faisant partie du mod\u00e8le de couleurs <strong>CMYK<\/strong>, le <strong>jaune<\/strong> est une encre essentielle pour obtenir des impressions lumineuses, chaudes et vibrantes. Dans l&rsquo;impression DTF, l&rsquo;encre jaune est utilis\u00e9e pour produire des tons clairs et fonctionne en combinaison avec les autres couleurs comme le cyan, le magenta et le noir pour cr\u00e9er une large gamme de couleurs dans le design final. Lorsqu&rsquo;elle est transf\u00e9r\u00e9e sur du tissu ou d&rsquo;autres mat\u00e9riaux \u00e0 l&rsquo;aide de la chaleur, l&rsquo;encre jaune offre des impressions vives avec une excellente pr\u00e9cision des couleurs et une grande durabilit\u00e9.<\/p>\n<\/div>\n<\/div>\n<\/div>\n<\/div>\n<\/div>\n<\/div>\n<\/div>\n<\/div>\n<\/article>\n<\/div>\n<\/div>\n<\/div>\n<\/div>\n<\/div>\n","protected":false},"excerpt":{"rendered":"<ul>\n<li>YELLOW DTF INK<\/li>\n<\/ul>\n","protected":false},"featured_media":16637,"template":"","meta":[],"product_brand":[],"product_cat":[351],"product_tag":[],"class_list":{"0":"post-16634","1":"product","2":"type-product","3":"status-publish","4":"has-post-thumbnail","6":"product_cat-dtf-encre","8":"first","9":"instock","10":"sale","11":"shipping-taxable","12":"purchasable","13":"product-type-simple"},"_links":{"self":[{"href":"https:\/\/damejprint.com\/index.php?rest_route=\/wp\/v2\/product\/16634","targetHints":{"allow":["GET"]}}],"collection":[{"href":"https:\/\/damejprint.com\/index.php?rest_route=\/wp\/v2\/product"}],"about":[{"href":"https:\/\/damejprint.com\/index.php?rest_route=\/wp\/v2\/types\/product"}],"wp:featuredmedia":[{"embeddable":true,"href":"https:\/\/damejprint.com\/index.php?rest_route=\/wp\/v2\/media\/16637"}],"wp:attachment":[{"href":"https:\/\/damejprint.com\/index.php?rest_route=%2Fwp%2Fv2%2Fmedia&parent=16634"}],"wp:term":[{"taxonomy":"product_brand","embeddable":true,"href":"https:\/\/damejprint.com\/index.php?rest_route=%2Fwp%2Fv2%2Fproduct_brand&post=16634"},{"taxonomy":"product_cat","embeddable":true,"href":"https:\/\/damejprint.com\/index.php?rest_route=%2Fwp%2Fv2%2Fproduct_cat&post=16634"},{"taxonomy":"product_tag","embeddable":true,"href":"https:\/\/damejprint.com\/index.php?rest_route=%2Fwp%2Fv2%2Fproduct_tag&post=16634"}],"curies":[{"name":"wp","href":"https:\/\/api.w.org\/{rel}","templated":true}]}}