{"id":16628,"date":"2025-02-06T18:06:00","date_gmt":"2025-02-06T18:06:00","guid":{"rendered":"https:\/\/damejprint.com\/?post_type=product&#038;p=16628"},"modified":"2025-02-06T18:07:09","modified_gmt":"2025-02-06T18:07:09","slug":"sublimation-ink-bulk-cmyk","status":"publish","type":"product","link":"https:\/\/damejprint.com\/?product=sublimation-ink-bulk-cmyk","title":{"rendered":"SUBLIMATION INK BULK CMYK"},"content":{"rendered":"<p>L&rsquo;<strong>encre de sublimation<\/strong> est un type d&rsquo;encre sp\u00e9cialis\u00e9, con\u00e7u pour l&rsquo;impression par sublimation. Cette encre permet des impressions vibrantes, durables et de haute qualit\u00e9 sur une vari\u00e9t\u00e9 de supports, tels que les tissus, la c\u00e9ramique, les m\u00e9taux et les plastiques, lorsqu&rsquo;ils sont trait\u00e9s pour la sublimation. L&rsquo;encre est chauff\u00e9e \u00e0 haute temp\u00e9rature pendant le processus d&rsquo;impression, ce qui la transforme en gaz qui se lie aux fibres du mat\u00e9riau, cr\u00e9ant ainsi des impressions vives et r\u00e9sistantes dans le temps. L&rsquo;encre de sublimation est couramment utilis\u00e9e pour l&rsquo;impression de v\u00eatements personnalis\u00e9s, d&rsquo;articles promotionnels et de cadeaux personnalis\u00e9s.<\/p>\n","protected":false},"excerpt":{"rendered":"<ul>\n<li>CYAN<\/li>\n<li>MAGENTA<\/li>\n<li>YELLOW<\/li>\n<li>BLACK<\/li>\n<\/ul>\n","protected":false},"featured_media":16630,"template":"","meta":[],"product_brand":[],"product_cat":[350],"product_tag":[],"class_list":{"0":"post-16628","1":"product","2":"type-product","3":"status-publish","4":"has-post-thumbnail","6":"product_cat-encre-packs","8":"first","9":"instock","10":"sale","11":"shipping-taxable","12":"purchasable","13":"product-type-simple"},"_links":{"self":[{"href":"https:\/\/damejprint.com\/index.php?rest_route=\/wp\/v2\/product\/16628","targetHints":{"allow":["GET"]}}],"collection":[{"href":"https:\/\/damejprint.com\/index.php?rest_route=\/wp\/v2\/product"}],"about":[{"href":"https:\/\/damejprint.com\/index.php?rest_route=\/wp\/v2\/types\/product"}],"wp:featuredmedia":[{"embeddable":true,"href":"https:\/\/damejprint.com\/index.php?rest_route=\/wp\/v2\/media\/16630"}],"wp:attachment":[{"href":"https:\/\/damejprint.com\/index.php?rest_route=%2Fwp%2Fv2%2Fmedia&parent=16628"}],"wp:term":[{"taxonomy":"product_brand","embeddable":true,"href":"https:\/\/damejprint.com\/index.php?rest_route=%2Fwp%2Fv2%2Fproduct_brand&post=16628"},{"taxonomy":"product_cat","embeddable":true,"href":"https:\/\/damejprint.com\/index.php?rest_route=%2Fwp%2Fv2%2Fproduct_cat&post=16628"},{"taxonomy":"product_tag","embeddable":true,"href":"https:\/\/damejprint.com\/index.php?rest_route=%2Fwp%2Fv2%2Fproduct_tag&post=16628"}],"curies":[{"name":"wp","href":"https:\/\/api.w.org\/{rel}","templated":true}]}}