{"id":16622,"date":"2025-02-06T17:55:07","date_gmt":"2025-02-06T17:55:07","guid":{"rendered":"https:\/\/damejprint.com\/?post_type=product&#038;p=16622"},"modified":"2025-02-06T17:58:34","modified_gmt":"2025-02-06T17:58:34","slug":"epson-108-ink-cmyk-pack","status":"publish","type":"product","link":"https:\/\/damejprint.com\/?product=epson-108-ink-cmyk-pack","title":{"rendered":"EPSON 108 ink CMYK PACK"},"content":{"rendered":"<p>L&rsquo;encre <strong>Epson 108<\/strong> est con\u00e7ue pour les imprimantes EcoTank d&rsquo;Epson et offre une solution \u00e9conomique pour l&rsquo;impression \u00e0 fort volume. Cette encre produit des couleurs vives et un texte net, ce qui la rend id\u00e9ale tant pour l&rsquo;impression de documents quotidiens que pour des graphiques riches en couleurs. Les bouteilles d&rsquo;encre Epson 108 sont disponibles en quatre couleurs : Cyan, Magenta, Jaune et Noir, garantissant une reproduction pr\u00e9cise des couleurs. Reconnue pour son efficacit\u00e9, cette encre est parfaitement adapt\u00e9e aux bureaux \u00e0 domicile ou aux petites entreprises \u00e0 la recherche d&rsquo;une solution d&rsquo;impression fiable et abordable.<\/p>\n","protected":false},"excerpt":{"rendered":"<ul>\n<li>CYAN<\/li>\n<li>MAGENTA<\/li>\n<li>YELLOW<\/li>\n<li>BLACK<\/li>\n<li>Light CYAN<\/li>\n<li>Light MAGENTA<\/li>\n<\/ul>\n","protected":false},"featured_media":16624,"template":"","meta":[],"product_brand":[],"product_cat":[350],"product_tag":[],"class_list":{"0":"post-16622","1":"product","2":"type-product","3":"status-publish","4":"has-post-thumbnail","6":"product_cat-encre-packs","8":"first","9":"instock","10":"sale","11":"shipping-taxable","12":"purchasable","13":"product-type-simple"},"_links":{"self":[{"href":"https:\/\/damejprint.com\/index.php?rest_route=\/wp\/v2\/product\/16622","targetHints":{"allow":["GET"]}}],"collection":[{"href":"https:\/\/damejprint.com\/index.php?rest_route=\/wp\/v2\/product"}],"about":[{"href":"https:\/\/damejprint.com\/index.php?rest_route=\/wp\/v2\/types\/product"}],"wp:featuredmedia":[{"embeddable":true,"href":"https:\/\/damejprint.com\/index.php?rest_route=\/wp\/v2\/media\/16624"}],"wp:attachment":[{"href":"https:\/\/damejprint.com\/index.php?rest_route=%2Fwp%2Fv2%2Fmedia&parent=16622"}],"wp:term":[{"taxonomy":"product_brand","embeddable":true,"href":"https:\/\/damejprint.com\/index.php?rest_route=%2Fwp%2Fv2%2Fproduct_brand&post=16622"},{"taxonomy":"product_cat","embeddable":true,"href":"https:\/\/damejprint.com\/index.php?rest_route=%2Fwp%2Fv2%2Fproduct_cat&post=16622"},{"taxonomy":"product_tag","embeddable":true,"href":"https:\/\/damejprint.com\/index.php?rest_route=%2Fwp%2Fv2%2Fproduct_tag&post=16622"}],"curies":[{"name":"wp","href":"https:\/\/api.w.org\/{rel}","templated":true}]}}