{"id":16621,"date":"2025-02-06T17:50:48","date_gmt":"2025-02-06T17:50:48","guid":{"rendered":"https:\/\/damejprint.com\/?post_type=product&#038;p=16621"},"modified":"2025-02-06T17:52:36","modified_gmt":"2025-02-06T17:52:36","slug":"epson-initial-ink-cmyk-pack-2","status":"publish","type":"product","link":"https:\/\/damejprint.com\/?product=epson-initial-ink-cmyk-pack-2","title":{"rendered":"EPSON Initial ink CMYK PACK"},"content":{"rendered":"<p>Les encres <strong>Epson standard<\/strong> (comme les s\u00e9ries <strong>Epson 202<\/strong>, <strong>Epson 18<\/strong>, etc.) sont con\u00e7ues pour offrir une qualit\u00e9 d&rsquo;impression correcte \u00e0 un prix abordable, principalement pour des besoins d&rsquo;impression quotidiens \u00e0 domicile ou au bureau. Ces encres sont id\u00e9ales pour imprimer des documents, des photos et des graphiques de mani\u00e8re r\u00e9guli\u00e8re. Bien qu&rsquo;elles ne disposent pas de la m\u00eame long\u00e9vit\u00e9 ou vivacit\u00e9 des couleurs que les encres haut de gamme, elles garantissent des r\u00e9sultats fiables pour les t\u00e2ches d&rsquo;impression courantes.<\/p>\n","protected":false},"excerpt":{"rendered":"<ul>\n<li>CYAN<\/li>\n<li>MAGENTA<\/li>\n<li>YELLOW<\/li>\n<li>BLACK<\/li>\n<\/ul>\n","protected":false},"featured_media":16616,"template":"","meta":[],"product_brand":[],"product_cat":[350],"product_tag":[],"class_list":{"0":"post-16621","1":"product","2":"type-product","3":"status-publish","4":"has-post-thumbnail","6":"product_cat-encre-packs","8":"first","9":"instock","10":"sale","11":"shipping-taxable","12":"purchasable","13":"product-type-simple"},"_links":{"self":[{"href":"https:\/\/damejprint.com\/index.php?rest_route=\/wp\/v2\/product\/16621","targetHints":{"allow":["GET"]}}],"collection":[{"href":"https:\/\/damejprint.com\/index.php?rest_route=\/wp\/v2\/product"}],"about":[{"href":"https:\/\/damejprint.com\/index.php?rest_route=\/wp\/v2\/types\/product"}],"wp:featuredmedia":[{"embeddable":true,"href":"https:\/\/damejprint.com\/index.php?rest_route=\/wp\/v2\/media\/16616"}],"wp:attachment":[{"href":"https:\/\/damejprint.com\/index.php?rest_route=%2Fwp%2Fv2%2Fmedia&parent=16621"}],"wp:term":[{"taxonomy":"product_brand","embeddable":true,"href":"https:\/\/damejprint.com\/index.php?rest_route=%2Fwp%2Fv2%2Fproduct_brand&post=16621"},{"taxonomy":"product_cat","embeddable":true,"href":"https:\/\/damejprint.com\/index.php?rest_route=%2Fwp%2Fv2%2Fproduct_cat&post=16621"},{"taxonomy":"product_tag","embeddable":true,"href":"https:\/\/damejprint.com\/index.php?rest_route=%2Fwp%2Fv2%2Fproduct_tag&post=16621"}],"curies":[{"name":"wp","href":"https:\/\/api.w.org\/{rel}","templated":true}]}}