{"id":16615,"date":"2025-02-06T17:45:27","date_gmt":"2025-02-06T17:45:27","guid":{"rendered":"https:\/\/damejprint.com\/?post_type=product&#038;p=16615"},"modified":"2025-02-06T17:53:18","modified_gmt":"2025-02-06T17:53:18","slug":"epson-initial-ink-cmyk-pack","status":"publish","type":"product","link":"https:\/\/damejprint.com\/?product=epson-initial-ink-cmyk-pack","title":{"rendered":"EPSON 103 Ink CMYK PACK"},"content":{"rendered":"<p>L&rsquo;encre <strong>Epson 103<\/strong> fait partie de la s\u00e9rie d&rsquo;encres standard d&rsquo;Epson, sp\u00e9cialement con\u00e7ue pour les imprimantes EcoTank. Cette encre est r\u00e9put\u00e9e pour son excellent rapport qualit\u00e9-prix et offre une qualit\u00e9 d&rsquo;impression convenable pour les t\u00e2ches d&rsquo;impression quotidiennes. Les bouteilles d&rsquo;encre sont disponibles en Cyan, Magenta, Jaune et Noir, garantissant des impressions vibrantes tant pour les documents que pour les images en couleur. L&rsquo;encre Epson 103 est id\u00e9ale pour les environnements \u00e0 fort volume d&rsquo;impression, offrant des performances fiables avec un remplacement d&rsquo;encre minimal.<\/p>\n","protected":false},"excerpt":{"rendered":"<ul>\n<li>CYAN<\/li>\n<li>MAGENTA<\/li>\n<li>YELLOW<\/li>\n<li>BLACK<\/li>\n<\/ul>\n","protected":false},"featured_media":16618,"template":"","meta":[],"product_brand":[],"product_cat":[350],"product_tag":[],"class_list":{"0":"post-16615","1":"product","2":"type-product","3":"status-publish","4":"has-post-thumbnail","6":"product_cat-encre-packs","8":"first","9":"instock","10":"sale","11":"shipping-taxable","12":"purchasable","13":"product-type-simple"},"_links":{"self":[{"href":"https:\/\/damejprint.com\/index.php?rest_route=\/wp\/v2\/product\/16615","targetHints":{"allow":["GET"]}}],"collection":[{"href":"https:\/\/damejprint.com\/index.php?rest_route=\/wp\/v2\/product"}],"about":[{"href":"https:\/\/damejprint.com\/index.php?rest_route=\/wp\/v2\/types\/product"}],"wp:featuredmedia":[{"embeddable":true,"href":"https:\/\/damejprint.com\/index.php?rest_route=\/wp\/v2\/media\/16618"}],"wp:attachment":[{"href":"https:\/\/damejprint.com\/index.php?rest_route=%2Fwp%2Fv2%2Fmedia&parent=16615"}],"wp:term":[{"taxonomy":"product_brand","embeddable":true,"href":"https:\/\/damejprint.com\/index.php?rest_route=%2Fwp%2Fv2%2Fproduct_brand&post=16615"},{"taxonomy":"product_cat","embeddable":true,"href":"https:\/\/damejprint.com\/index.php?rest_route=%2Fwp%2Fv2%2Fproduct_cat&post=16615"},{"taxonomy":"product_tag","embeddable":true,"href":"https:\/\/damejprint.com\/index.php?rest_route=%2Fwp%2Fv2%2Fproduct_tag&post=16615"}],"curies":[{"name":"wp","href":"https:\/\/api.w.org\/{rel}","templated":true}]}}