{"id":16583,"date":"2025-02-05T12:49:30","date_gmt":"2025-02-05T12:49:30","guid":{"rendered":"https:\/\/damejprint.com\/?post_type=product&#038;p=16583"},"modified":"2025-02-05T12:51:51","modified_gmt":"2025-02-05T12:51:51","slug":"sechoir-serigraphie","status":"publish","type":"product","link":"https:\/\/damejprint.com\/?product=sechoir-serigraphie","title":{"rendered":"S\u00e9choir S\u00e9rigraphie"},"content":{"rendered":"<p>S\u00e9choir Stanley 2000W Pour le s\u00e9chage de l\u2019encre de s\u00e9rigraphie<\/p>\n<p>-Puissant moteur de 2000 W avec contr\u00f4le et r\u00e9gulation de temp\u00e9rature<\/p>\n<p>-D\u00e9capeur robuste pour des applications prolong\u00e9es.<\/p>\n<p>-Utilisation Facile.<\/p>\n<p>-Rev\u00eatement caoutchouc pour am\u00e9liorer le confort d&rsquo;utilisation<\/p>\n","protected":false},"excerpt":{"rendered":"<p>S\u00e9choir Stanley 2000W Pour le s\u00e9chage de l\u2019encre de s\u00e9rigraphie -Puissant moteur de 2000 W avec contr\u00f4le et r\u00e9gulation de temp\u00e9rature -D\u00e9capeur robuste pour des applications prolong\u00e9es. -Utilisation Facile. -Rev\u00eatement caoutchouc pour am\u00e9liorer le confort d&rsquo;utilisation<\/p>\n","protected":false},"featured_media":16586,"template":"","meta":[],"product_brand":[],"product_cat":[303],"product_tag":[340,322,326,319,323,324,321,337,327,334,318,339,342,341,331,338,330,335,328,320,325,336,329],"class_list":{"0":"post-16583","1":"product","2":"type-product","3":"status-publish","4":"has-post-thumbnail","6":"product_cat-machines-de-finition","7":"product_tag-bach","8":"product_tag-canon","9":"product_tag-decoup","10":"product_tag-dtf","11":"product_tag-dx7","12":"product_tag-ecosolvant","13":"product_tag-epson","14":"product_tag-flex","15":"product_tag-hp","16":"product_tag-konica-minolta","17":"product_tag-machine","18":"product_tag-massicot","19":"product_tag-mugs-de-sublumation-x2-gratuit","20":"product_tag-perforation","21":"product_tag-plastification","22":"product_tag-presse-a-chaude","23":"product_tag-sublimation-pack","24":"product_tag-teneth","25":"product_tag-traceur","26":"product_tag-uv","27":"product_tag-uv-dtf","28":"product_tag-vinyle","29":"product_tag-xp600","31":"first","32":"instock","33":"sale","34":"shipping-taxable","35":"purchasable","36":"product-type-simple"},"_links":{"self":[{"href":"https:\/\/damejprint.com\/index.php?rest_route=\/wp\/v2\/product\/16583","targetHints":{"allow":["GET"]}}],"collection":[{"href":"https:\/\/damejprint.com\/index.php?rest_route=\/wp\/v2\/product"}],"about":[{"href":"https:\/\/damejprint.com\/index.php?rest_route=\/wp\/v2\/types\/product"}],"wp:featuredmedia":[{"embeddable":true,"href":"https:\/\/damejprint.com\/index.php?rest_route=\/wp\/v2\/media\/16586"}],"wp:attachment":[{"href":"https:\/\/damejprint.com\/index.php?rest_route=%2Fwp%2Fv2%2Fmedia&parent=16583"}],"wp:term":[{"taxonomy":"product_brand","embeddable":true,"href":"https:\/\/damejprint.com\/index.php?rest_route=%2Fwp%2Fv2%2Fproduct_brand&post=16583"},{"taxonomy":"product_cat","embeddable":true,"href":"https:\/\/damejprint.com\/index.php?rest_route=%2Fwp%2Fv2%2Fproduct_cat&post=16583"},{"taxonomy":"product_tag","embeddable":true,"href":"https:\/\/damejprint.com\/index.php?rest_route=%2Fwp%2Fv2%2Fproduct_tag&post=16583"}],"curies":[{"name":"wp","href":"https:\/\/api.w.org\/{rel}","templated":true}]}}