{"id":16535,"date":"2025-02-04T16:01:03","date_gmt":"2025-02-04T16:01:03","guid":{"rendered":"https:\/\/damejprint.com\/?post_type=product&#038;p=16535"},"modified":"2025-02-04T16:02:30","modified_gmt":"2025-02-04T16:02:30","slug":"press-a-chaud-freesub5-x-1","status":"publish","type":"product","link":"https:\/\/damejprint.com\/?product=press-a-chaud-freesub5-x-1","title":{"rendered":"Press a Chaud Freesub5 x 1"},"content":{"rendered":"<p>La Presse \u00e0 Chaud 5 en 1 Audley est l&rsquo;outil polyvalent qu&rsquo;il vous faut pour transformer votre cuisine professionnelle. Gr\u00e2ce \u00e0 ses 5 fonctions combin\u00e9es, elle permet de cuire, griller, presser, et plus encore, tout en garantissant des r\u00e9sultats impeccables \u00e0 chaque utilisation. Son design compact et moderne s&rsquo;int\u00e8gre parfaitement dans n&rsquo;importe quel espace de travail, et sa facilit\u00e9 d&rsquo;utilisation permet de gagner un temps pr\u00e9cieux en cuisine. Avec la Presse \u00e0 Chaud 5 en 1 Audley, offrez \u00e0 vos clients des plats savoureux, rapidement pr\u00e9par\u00e9s, tout en optimisant votre efficacit\u00e9.<\/p>\n","protected":false},"excerpt":{"rendered":"<ul>\n<li>\u00a0Presse a chaud multifonctions 40 x 30 cm<\/li>\n<li>Impression des Mugs<\/li>\n<li>Impression des Vetements<\/li>\n<li>Des Chapeaux<\/li>\n<li>des Assiets<\/li>\n<\/ul>\n","protected":false},"featured_media":16540,"template":"","meta":[],"product_brand":[],"product_cat":[346],"product_tag":[340,322,326,319,323,324,321,337,327,334,318,339,342,341,331,338,330,335,328,320,325,336,329],"class_list":{"0":"post-16535","1":"product","2":"type-product","3":"status-publish","4":"has-post-thumbnail","6":"product_cat-press-a-chaud","7":"product_tag-bach","8":"product_tag-canon","9":"product_tag-decoup","10":"product_tag-dtf","11":"product_tag-dx7","12":"product_tag-ecosolvant","13":"product_tag-epson","14":"product_tag-flex","15":"product_tag-hp","16":"product_tag-konica-minolta","17":"product_tag-machine","18":"product_tag-massicot","19":"product_tag-mugs-de-sublumation-x2-gratuit","20":"product_tag-perforation","21":"product_tag-plastification","22":"product_tag-presse-a-chaude","23":"product_tag-sublimation-pack","24":"product_tag-teneth","25":"product_tag-traceur","26":"product_tag-uv","27":"product_tag-uv-dtf","28":"product_tag-vinyle","29":"product_tag-xp600","31":"first","32":"instock","33":"sale","34":"shipping-taxable","35":"purchasable","36":"product-type-simple"},"_links":{"self":[{"href":"https:\/\/damejprint.com\/index.php?rest_route=\/wp\/v2\/product\/16535","targetHints":{"allow":["GET"]}}],"collection":[{"href":"https:\/\/damejprint.com\/index.php?rest_route=\/wp\/v2\/product"}],"about":[{"href":"https:\/\/damejprint.com\/index.php?rest_route=\/wp\/v2\/types\/product"}],"wp:featuredmedia":[{"embeddable":true,"href":"https:\/\/damejprint.com\/index.php?rest_route=\/wp\/v2\/media\/16540"}],"wp:attachment":[{"href":"https:\/\/damejprint.com\/index.php?rest_route=%2Fwp%2Fv2%2Fmedia&parent=16535"}],"wp:term":[{"taxonomy":"product_brand","embeddable":true,"href":"https:\/\/damejprint.com\/index.php?rest_route=%2Fwp%2Fv2%2Fproduct_brand&post=16535"},{"taxonomy":"product_cat","embeddable":true,"href":"https:\/\/damejprint.com\/index.php?rest_route=%2Fwp%2Fv2%2Fproduct_cat&post=16535"},{"taxonomy":"product_tag","embeddable":true,"href":"https:\/\/damejprint.com\/index.php?rest_route=%2Fwp%2Fv2%2Fproduct_tag&post=16535"}],"curies":[{"name":"wp","href":"https:\/\/api.w.org\/{rel}","templated":true}]}}