{"id":16511,"date":"2025-02-04T15:07:36","date_gmt":"2025-02-04T15:07:36","guid":{"rendered":"https:\/\/damejprint.com\/?post_type=product&#038;p=16511"},"modified":"2025-02-04T15:10:43","modified_gmt":"2025-02-04T15:10:43","slug":"spirale-machine-metalique-deli","status":"publish","type":"product","link":"https:\/\/damejprint.com\/?product=spirale-machine-metalique-deli","title":{"rendered":"Spirale Machine METALIQUE  Deli"},"content":{"rendered":"<p>La Spirale Machine M\u00e9tallique Deli est un \u00e9quipement haut de gamme con\u00e7u pour r\u00e9pondre aux besoins des professionnels de la restauration exigeants. Robuste et durable, elle permet de d\u00e9couper et trancher une large gamme d&rsquo;aliments avec une pr\u00e9cision remarquable. Son corps en m\u00e9tal assure une long\u00e9vit\u00e9 accrue, tout en offrant une performance optimale et une facilit\u00e9 d\u2019utilisation. Parfaite pour am\u00e9liorer l&rsquo;efficacit\u00e9 en cuisine, la Spirale Machine M\u00e9tallique Deli est un choix incontournable pour un service rapide et de qualit\u00e9.<\/p>\n","protected":false},"excerpt":{"rendered":"<ul>\n<li>size A4<\/li>\n<li>\n<h1 class=\"titles fz28 bold\">Deli-E3870<\/h1>\n<\/li>\n<\/ul>\n","protected":false},"featured_media":16517,"template":"","meta":[],"product_brand":[],"product_cat":[345],"product_tag":[340,322,326,333,319,323,324,321,337,327,334,318,339,341,331,338,330,335,328,320,325,336,329],"class_list":{"0":"post-16511","1":"product","2":"type-product","3":"status-publish","4":"has-post-thumbnail","6":"product_cat-spirale-machines","7":"product_tag-bach","8":"product_tag-canon","9":"product_tag-decoup","10":"product_tag-des-tasses-et-des-oeuvres-dart","11":"product_tag-dtf","12":"product_tag-dx7","13":"product_tag-ecosolvant","14":"product_tag-epson","15":"product_tag-flex","16":"product_tag-hp","17":"product_tag-konica-minolta","18":"product_tag-machine","19":"product_tag-massicot","20":"product_tag-perforation","21":"product_tag-plastification","22":"product_tag-presse-a-chaude","23":"product_tag-sublimation-pack","24":"product_tag-teneth","25":"product_tag-traceur","26":"product_tag-uv","27":"product_tag-uv-dtf","28":"product_tag-vinyle","29":"product_tag-xp600","31":"first","32":"instock","33":"sale","34":"shipping-taxable","35":"purchasable","36":"product-type-simple"},"_links":{"self":[{"href":"https:\/\/damejprint.com\/index.php?rest_route=\/wp\/v2\/product\/16511","targetHints":{"allow":["GET"]}}],"collection":[{"href":"https:\/\/damejprint.com\/index.php?rest_route=\/wp\/v2\/product"}],"about":[{"href":"https:\/\/damejprint.com\/index.php?rest_route=\/wp\/v2\/types\/product"}],"wp:featuredmedia":[{"embeddable":true,"href":"https:\/\/damejprint.com\/index.php?rest_route=\/wp\/v2\/media\/16517"}],"wp:attachment":[{"href":"https:\/\/damejprint.com\/index.php?rest_route=%2Fwp%2Fv2%2Fmedia&parent=16511"}],"wp:term":[{"taxonomy":"product_brand","embeddable":true,"href":"https:\/\/damejprint.com\/index.php?rest_route=%2Fwp%2Fv2%2Fproduct_brand&post=16511"},{"taxonomy":"product_cat","embeddable":true,"href":"https:\/\/damejprint.com\/index.php?rest_route=%2Fwp%2Fv2%2Fproduct_cat&post=16511"},{"taxonomy":"product_tag","embeddable":true,"href":"https:\/\/damejprint.com\/index.php?rest_route=%2Fwp%2Fv2%2Fproduct_tag&post=16511"}],"curies":[{"name":"wp","href":"https:\/\/api.w.org\/{rel}","templated":true}]}}