{"id":16436,"date":"2025-02-03T17:28:00","date_gmt":"2025-02-03T17:28:00","guid":{"rendered":"https:\/\/damejprint.com\/?post_type=product&#038;p=16436"},"modified":"2025-02-03T17:34:51","modified_gmt":"2025-02-03T17:34:51","slug":"machine-de-decoupe-pour-flex-et-vinyle-jinka-120-cm","status":"publish","type":"product","link":"https:\/\/damejprint.com\/?product=machine-de-decoupe-pour-flex-et-vinyle-jinka-120-cm","title":{"rendered":"Machine de d\u00e9coupe pour flex et vinyle JINKA 120 cm"},"content":{"rendered":"<p>La machine de d\u00e9coupe pour flex et vinyle JINKA 120 cm est un outil polyvalent et efficace pour la d\u00e9coupe de mat\u00e9riaux flexibles tels que le flex et le vinyle. Avec sa largeur de coupe de 120 cm, cette machine vous offre une grande surface de travail pour r\u00e9aliser des d\u00e9coupes de motifs de diff\u00e9rentes tailles pour une vari\u00e9t\u00e9 d\u2019applications.<\/p>\n","protected":false},"excerpt":{"rendered":"<ul>\n<li>Largeur : 1300 mm<br \/>\nLogiciel de pilotage AnyCut<br \/>\n\u0152il optique int\u00e9gr\u00e9<br \/>\nGarantie d\u2019un an<\/li>\n<\/ul>\n","protected":false},"featured_media":16439,"template":"","meta":[],"product_brand":[],"product_cat":[344],"product_tag":[340,322,326,333,319,323,324,321,337,327,334,318,339,341,331,338,330,335,328,320,325,336,329],"class_list":{"0":"post-16436","1":"product","2":"type-product","3":"status-publish","4":"has-post-thumbnail","6":"product_cat-machines-decoupe","7":"product_tag-bach","8":"product_tag-canon","9":"product_tag-decoup","10":"product_tag-des-tasses-et-des-oeuvres-dart","11":"product_tag-dtf","12":"product_tag-dx7","13":"product_tag-ecosolvant","14":"product_tag-epson","15":"product_tag-flex","16":"product_tag-hp","17":"product_tag-konica-minolta","18":"product_tag-machine","19":"product_tag-massicot","20":"product_tag-perforation","21":"product_tag-plastification","22":"product_tag-presse-a-chaude","23":"product_tag-sublimation-pack","24":"product_tag-teneth","25":"product_tag-traceur","26":"product_tag-uv","27":"product_tag-uv-dtf","28":"product_tag-vinyle","29":"product_tag-xp600","31":"first","32":"instock","33":"sale","34":"shipping-taxable","35":"purchasable","36":"product-type-simple"},"_links":{"self":[{"href":"https:\/\/damejprint.com\/index.php?rest_route=\/wp\/v2\/product\/16436","targetHints":{"allow":["GET"]}}],"collection":[{"href":"https:\/\/damejprint.com\/index.php?rest_route=\/wp\/v2\/product"}],"about":[{"href":"https:\/\/damejprint.com\/index.php?rest_route=\/wp\/v2\/types\/product"}],"wp:featuredmedia":[{"embeddable":true,"href":"https:\/\/damejprint.com\/index.php?rest_route=\/wp\/v2\/media\/16439"}],"wp:attachment":[{"href":"https:\/\/damejprint.com\/index.php?rest_route=%2Fwp%2Fv2%2Fmedia&parent=16436"}],"wp:term":[{"taxonomy":"product_brand","embeddable":true,"href":"https:\/\/damejprint.com\/index.php?rest_route=%2Fwp%2Fv2%2Fproduct_brand&post=16436"},{"taxonomy":"product_cat","embeddable":true,"href":"https:\/\/damejprint.com\/index.php?rest_route=%2Fwp%2Fv2%2Fproduct_cat&post=16436"},{"taxonomy":"product_tag","embeddable":true,"href":"https:\/\/damejprint.com\/index.php?rest_route=%2Fwp%2Fv2%2Fproduct_tag&post=16436"}],"curies":[{"name":"wp","href":"https:\/\/api.w.org\/{rel}","templated":true}]}}