{"id":16377,"date":"2025-02-03T11:01:46","date_gmt":"2025-02-03T11:01:46","guid":{"rendered":"https:\/\/damejprint.com\/?post_type=product&#038;p=16377"},"modified":"2025-02-03T11:19:56","modified_gmt":"2025-02-03T11:19:56","slug":"massicot-manuel-coupe-papier-a3-metallique","status":"publish","type":"product","link":"https:\/\/damejprint.com\/?product=massicot-manuel-coupe-papier-a3-metallique","title":{"rendered":"Massicot Manuel Coupe Papier A4 \u2013 M\u00e9tallique"},"content":{"rendered":"<div class=\"flex-shrink-0 flex flex-col relative items-end\">\n<div class=\"pt-0\">\n<div class=\"gizmo-bot-avatar flex h-8 w-8 items-center justify-center overflow-hidden rounded-full\">\n<div class=\"relative p-1 rounded-sm flex items-center justify-center bg-token-main-surface-primary text-token-text-primary h-8 w-8\">\n<div class=\"flex-1 overflow-hidden @container\/thread\">\n<div class=\"h-full\">\n<div class=\"react-scroll-to-bottom--css-vswbn-79elbk h-full\">\n<div class=\"react-scroll-to-bottom--css-vswbn-1n7m0yu\">\n<div class=\"flex flex-col text-sm md:pb-9\">\n<article class=\"w-full text-token-text-primary focus-visible:outline-2 focus-visible:outline-offset-[-4px]\" dir=\"auto\" data-testid=\"conversation-turn-11\" data-scroll-anchor=\"true\">\n<div class=\"m-auto text-base py-[18px] px-3 md:px-4 w-full md:px-5 lg:px-4 xl:px-5\">\n<div class=\"mx-auto flex flex-1 gap-4 text-base md:gap-5 lg:gap-6 md:max-w-3xl\">\n<div class=\"group\/conversation-turn relative flex w-full min-w-0 flex-col agent-turn\">\n<div class=\"flex-col gap-1 md:gap-3\">\n<div class=\"flex max-w-full flex-col flex-grow\">\n<div class=\"min-h-8 text-message flex w-full flex-col items-end gap-2 whitespace-normal break-words text-start [.text-message+&amp;]:mt-5\" dir=\"auto\" data-message-author-role=\"assistant\" data-message-id=\"d33280a6-0577-4c48-9187-a878b1144efc\" data-message-model-slug=\"gpt-4o-mini\">\n<div class=\"flex w-full flex-col gap-1 empty:hidden first:pt-[3px]\">\n<div class=\"markdown prose w-full break-words dark:prose-invert dark\">\n<p>MASSICOT A4 BRIGHT OFFICE : APPROPRIE POUR COUPER LE PAPIER<\/p>\n<p>Utilisation de massicot A4 : le coupe-l\u00e9gumes convainc par des r\u00e9sultats de coupe pr\u00e9cis pour un maximum de 6 \u00e0 8 feuilles de papier (80 g\/m\u00b2). Il est adapt\u00e9 \u00e0 la d\u00e9coupe parfaite de papier, photos, cartes, carton jusqu\u2019\u00e0 200 g\/m\u00b2, films rigides et stratifi\u00e9s. Il constitue une solution id\u00e9ale pour votre bureau \u00e0 domicile, l\u2019\u00e9cole ou votre passe-temps. Vous pouvez couper tous les formats jusqu\u2019\u00e0 A4 en longueur, la longueur maximale de coupe est de 30,5 cm.<br \/>\nDimensions : la construction solide p\u00e8se environ 1,25 kg et est donc facile \u00e0 transporter. La taille totale de la table est d\u2019environ 31 x 25 cm. Le coupe-l\u00e9gumes compact a des dimensions totales avec sa poign\u00e9e : 48 x 27 x 5 cm. Pour des raisons d\u2019exp\u00e9dition, la poign\u00e9e, la but\u00e9e de papier et le rail de contact bleu sont libres et doivent \u00eatre pouss\u00e9s sur le bras de coupe.<br \/>\nGraduation : une graduation fine en cm et en pouces sur le c\u00f4t\u00e9, en haut et au milieu, vous aide \u00e0 mesurer avec pr\u00e9cision les mat\u00e9riaux \u00e0 d\u00e9couper. Sur le bord inf\u00e9rieur de la trancheuse se trouve une autre graduation en cm. Vous pouvez \u00e9galement utiliser des formats pr\u00e9-\u00e9chelonn\u00e9s pour B7, B6, B5, A5 et A4 en orientation horizontale.<br \/>\nManipulation : la but\u00e9e lat\u00e9rale en plastique noir de 20 cm de long et 3,5 cm de large assure des coupes parfaites sur mesure. Pour un meilleur maintien, un long aimant se trouve au milieu de la partie inf\u00e9rieure \u2013 Aucun d\u00e9placement n\u2019est n\u00e9cessaire. La barre de contact bleue peut \u00e9galement \u00eatre retir\u00e9e. En appuyant l\u00e9g\u00e8rement sur la barre, vous mettez les lames en place en toute s\u00e9curit\u00e9, le bord sur\u00e9lev\u00e9 vers le couteau prot\u00e8ge contre les coupures.<br \/>\nQualit\u00e9 de massicot A4 : le coupe-l\u00e9gumes robuste avec corps en m\u00e9tal est particuli\u00e8rement adapt\u00e9 pour le bureau, l\u2019\u00e9cole ou votre bureau \u00e0 domicile. La lame de coupe est en acier tremp\u00e9, elle est tr\u00e8s tranchante et a une longue dur\u00e9e de vie. Tous les coupe-levier sont coup\u00e9s \u00e0 un \u00e9chantillon avant la livraison et test\u00e9s pour le fonctionnement. L\u2019attelle en plastique bleu maintient les feuilles en place. La manipulation \u00e0 deux mains (la main gauche fixe le rail, la main droite est utilis\u00e9e pour manipuler le couteau) r\u00e9duit le risque de blessure.<\/p>\n<\/div>\n<\/div>\n<\/div>\n<\/div>\n<\/div>\n<\/div>\n<\/div>\n<\/div>\n<\/article>\n<\/div>\n<\/div>\n<\/div>\n<\/div>\n<\/div>\n<\/div>\n<\/div>\n<\/div>\n<\/div>\n","protected":false},"excerpt":{"rendered":"<p>Capable de couper 300mm x 250mm<br \/>\nCoupe-papier manuel<br \/>\nBase en acier<\/p>\n","protected":false},"featured_media":16383,"template":"","meta":[],"product_brand":[],"product_cat":[303],"product_tag":[],"class_list":{"0":"post-16377","1":"product","2":"type-product","3":"status-publish","4":"has-post-thumbnail","6":"product_cat-machines-de-finition","8":"first","9":"instock","10":"sale","11":"shipping-taxable","12":"purchasable","13":"product-type-simple"},"_links":{"self":[{"href":"https:\/\/damejprint.com\/index.php?rest_route=\/wp\/v2\/product\/16377","targetHints":{"allow":["GET"]}}],"collection":[{"href":"https:\/\/damejprint.com\/index.php?rest_route=\/wp\/v2\/product"}],"about":[{"href":"https:\/\/damejprint.com\/index.php?rest_route=\/wp\/v2\/types\/product"}],"wp:featuredmedia":[{"embeddable":true,"href":"https:\/\/damejprint.com\/index.php?rest_route=\/wp\/v2\/media\/16383"}],"wp:attachment":[{"href":"https:\/\/damejprint.com\/index.php?rest_route=%2Fwp%2Fv2%2Fmedia&parent=16377"}],"wp:term":[{"taxonomy":"product_brand","embeddable":true,"href":"https:\/\/damejprint.com\/index.php?rest_route=%2Fwp%2Fv2%2Fproduct_brand&post=16377"},{"taxonomy":"product_cat","embeddable":true,"href":"https:\/\/damejprint.com\/index.php?rest_route=%2Fwp%2Fv2%2Fproduct_cat&post=16377"},{"taxonomy":"product_tag","embeddable":true,"href":"https:\/\/damejprint.com\/index.php?rest_route=%2Fwp%2Fv2%2Fproduct_tag&post=16377"}],"curies":[{"name":"wp","href":"https:\/\/api.w.org\/{rel}","templated":true}]}}