{"id":16246,"date":"2025-01-31T18:38:24","date_gmt":"2025-01-31T18:38:24","guid":{"rendered":"https:\/\/damejprint.com\/?post_type=product&#038;p=16246"},"modified":"2025-01-31T18:38:24","modified_gmt":"2025-01-31T18:38:24","slug":"machine-dtf-i3200-60cm","status":"publish","type":"product","link":"https:\/\/damejprint.com\/?product=machine-dtf-i3200-60cm","title":{"rendered":"Machine DTF i3200 60cm"},"content":{"rendered":"<div class=\"flex-shrink-0 flex flex-col relative items-end\">\n<div>\n<div class=\"pt-0\">\n<div class=\"gizmo-bot-avatar flex h-8 w-8 items-center justify-center overflow-hidden rounded-full\">\n<div class=\"relative p-1 rounded-sm flex items-center justify-center bg-token-main-surface-primary text-token-text-primary h-8 w-8\"><\/div>\n<\/div>\n<\/div>\n<\/div>\n<\/div>\n<div class=\"group\/conversation-turn relative flex w-full min-w-0 flex-col agent-turn\">\n<div class=\"flex-col gap-1 md:gap-3\">\n<div class=\"flex max-w-full flex-col flex-grow\">\n<div class=\"min-h-8 text-message flex w-full flex-col items-end gap-2 whitespace-normal break-words text-start [.text-message+&amp;]:mt-5\" dir=\"auto\" data-message-author-role=\"assistant\" data-message-id=\"47c4222b-3132-4a7c-8807-cd38d67ccf28\" data-message-model-slug=\"gpt-4o-mini\">\n<div class=\"flex w-full flex-col gap-1 empty:hidden first:pt-[3px]\">\n<div class=\"markdown prose w-full break-words dark:prose-invert dark\">\n<p>La machine DTF i3200 60cm est un imprimante directe sur film (Direct to Film) de 60 cm de large, con\u00e7ue pour offrir des impressions de haute qualit\u00e9 sur divers mat\u00e9riaux, y compris les textiles. Elle utilise la t\u00eate d&rsquo;impression i3200, qui permet des d\u00e9tails fins et une excellente reproduction des couleurs. Ce mod\u00e8le est id\u00e9al pour les petites \u00e0 moyennes productions de v\u00eatements personnalis\u00e9s, notamment des t-shirts, des sweats, et autres articles en textile. Son fonctionnement est rapide, efficace, et \u00e9conomique, tout en offrant une grande durabilit\u00e9 des impressions.<\/p>\n<\/div>\n<\/div>\n<\/div>\n<\/div>\n<\/div>\n<\/div>\n","protected":false},"excerpt":{"rendered":"<ul>\n<li>Machine DTF<\/li>\n<li>Encre DTF 5 color CMJN et blanc<\/li>\n<\/ul>\n","protected":false},"featured_media":16250,"template":"","meta":[],"product_brand":[],"product_cat":[343],"product_tag":[],"class_list":{"0":"post-16246","1":"product","2":"type-product","3":"status-publish","4":"has-post-thumbnail","6":"product_cat-machine-dtf","8":"first","9":"instock","10":"sale","11":"shipping-taxable","12":"purchasable","13":"product-type-simple"},"_links":{"self":[{"href":"https:\/\/damejprint.com\/index.php?rest_route=\/wp\/v2\/product\/16246","targetHints":{"allow":["GET"]}}],"collection":[{"href":"https:\/\/damejprint.com\/index.php?rest_route=\/wp\/v2\/product"}],"about":[{"href":"https:\/\/damejprint.com\/index.php?rest_route=\/wp\/v2\/types\/product"}],"wp:featuredmedia":[{"embeddable":true,"href":"https:\/\/damejprint.com\/index.php?rest_route=\/wp\/v2\/media\/16250"}],"wp:attachment":[{"href":"https:\/\/damejprint.com\/index.php?rest_route=%2Fwp%2Fv2%2Fmedia&parent=16246"}],"wp:term":[{"taxonomy":"product_brand","embeddable":true,"href":"https:\/\/damejprint.com\/index.php?rest_route=%2Fwp%2Fv2%2Fproduct_brand&post=16246"},{"taxonomy":"product_cat","embeddable":true,"href":"https:\/\/damejprint.com\/index.php?rest_route=%2Fwp%2Fv2%2Fproduct_cat&post=16246"},{"taxonomy":"product_tag","embeddable":true,"href":"https:\/\/damejprint.com\/index.php?rest_route=%2Fwp%2Fv2%2Fproduct_tag&post=16246"}],"curies":[{"name":"wp","href":"https:\/\/api.w.org\/{rel}","templated":true}]}}