{"id":16231,"date":"2025-01-31T18:10:23","date_gmt":"2025-01-31T18:10:23","guid":{"rendered":"https:\/\/damejprint.com\/?post_type=product&#038;p=16231"},"modified":"2026-03-03T10:56:27","modified_gmt":"2026-03-03T10:56:27","slug":"traceur-eco-solvent-dx7-1-80m","status":"publish","type":"product","link":"https:\/\/damejprint.com\/?product=traceur-eco-solvent-dx7-1-80m","title":{"rendered":"Traceur Eco-solvent DX7 1.80m"},"content":{"rendered":"<p>Le Traceur Eco-solvent DX7 1.80m est \u00e9quip\u00e9 de la t\u00eate d&rsquo;impression DX7, qui permet une r\u00e9solution \u00e9lev\u00e9e et une pr\u00e9cision exceptionnelle. Il utilise des encres \u00e9co-solvantes pour des impressions de qualit\u00e9 professionnelle, id\u00e9ales pour des applications int\u00e9rieures et ext\u00e9rieures. Avec une largeur d&rsquo;impression de 1,80 m, il offre une bonne productivit\u00e9 et une excellente durabilit\u00e9 des impressions. Ce mod\u00e8le est parfait pour les entreprises cherchant \u00e0 allier performance, rentabilit\u00e9 et respect de l&rsquo;environnement.<\/p>\n","protected":false},"excerpt":{"rendered":"<ul>\n<li>Imprimante \u00e0 solvant \u00e9cologique Dx7 avec t\u00eate<\/li>\n<li>Encre \u00e0 solvant \u00e9cologique de la meilleure qualit\u00e9<\/li>\n<\/ul>\n","protected":false},"featured_media":16232,"template":"","meta":[],"product_brand":[],"product_cat":[332],"product_tag":[340,322,326,333,319,323,324,321,337,327,334,318,339,341,331,338,330,335,328,320,325,336,329],"class_list":{"0":"post-16231","1":"product","2":"type-product","3":"status-publish","4":"has-post-thumbnail","6":"product_cat-machine-traceur","7":"product_tag-bach","8":"product_tag-canon","9":"product_tag-decoup","10":"product_tag-des-tasses-et-des-oeuvres-dart","11":"product_tag-dtf","12":"product_tag-dx7","13":"product_tag-ecosolvant","14":"product_tag-epson","15":"product_tag-flex","16":"product_tag-hp","17":"product_tag-konica-minolta","18":"product_tag-machine","19":"product_tag-massicot","20":"product_tag-perforation","21":"product_tag-plastification","22":"product_tag-presse-a-chaude","23":"product_tag-sublimation-pack","24":"product_tag-teneth","25":"product_tag-traceur","26":"product_tag-uv","27":"product_tag-uv-dtf","28":"product_tag-vinyle","29":"product_tag-xp600","31":"first","32":"instock","33":"sale","34":"shipping-taxable","35":"purchasable","36":"product-type-simple"},"_links":{"self":[{"href":"https:\/\/damejprint.com\/index.php?rest_route=\/wp\/v2\/product\/16231","targetHints":{"allow":["GET"]}}],"collection":[{"href":"https:\/\/damejprint.com\/index.php?rest_route=\/wp\/v2\/product"}],"about":[{"href":"https:\/\/damejprint.com\/index.php?rest_route=\/wp\/v2\/types\/product"}],"wp:featuredmedia":[{"embeddable":true,"href":"https:\/\/damejprint.com\/index.php?rest_route=\/wp\/v2\/media\/16232"}],"wp:attachment":[{"href":"https:\/\/damejprint.com\/index.php?rest_route=%2Fwp%2Fv2%2Fmedia&parent=16231"}],"wp:term":[{"taxonomy":"product_brand","embeddable":true,"href":"https:\/\/damejprint.com\/index.php?rest_route=%2Fwp%2Fv2%2Fproduct_brand&post=16231"},{"taxonomy":"product_cat","embeddable":true,"href":"https:\/\/damejprint.com\/index.php?rest_route=%2Fwp%2Fv2%2Fproduct_cat&post=16231"},{"taxonomy":"product_tag","embeddable":true,"href":"https:\/\/damejprint.com\/index.php?rest_route=%2Fwp%2Fv2%2Fproduct_tag&post=16231"}],"curies":[{"name":"wp","href":"https:\/\/api.w.org\/{rel}","templated":true}]}}