{"id":16213,"date":"2025-01-31T17:44:21","date_gmt":"2025-01-31T17:44:21","guid":{"rendered":"https:\/\/damejprint.com\/?post_type=product&#038;p=16213"},"modified":"2025-01-31T17:47:23","modified_gmt":"2025-01-31T17:47:23","slug":"freesub-machine-pack","status":"publish","type":"product","link":"https:\/\/damejprint.com\/?product=freesub-machine-pack","title":{"rendered":"Freesub Machine Pack"},"content":{"rendered":"<p>Un package d&rsquo;impression unique qui vous aidera \u00e0 d\u00e9marrer votre propre projet d&rsquo;impression et vous permettra d&rsquo;imprimer des v\u00eatements<\/p>\n","protected":false},"excerpt":{"rendered":"<ul>\n<li>Freesub Machine Moyenne taille<\/li>\n<li>1 metre dtf (gratuit)<\/li>\n<\/ul>\n","protected":false},"featured_media":16214,"template":"","meta":[],"product_brand":[],"product_cat":[317],"product_tag":[340,322,326,319,323,324,321,337,327,334,318,339,341,331,338,330,335,328,320,325,336,329],"class_list":{"0":"post-16213","1":"product","2":"type-product","3":"status-publish","4":"has-post-thumbnail","6":"product_cat-pack-de-sublimation","7":"product_tag-bach","8":"product_tag-canon","9":"product_tag-decoup","10":"product_tag-dtf","11":"product_tag-dx7","12":"product_tag-ecosolvant","13":"product_tag-epson","14":"product_tag-flex","15":"product_tag-hp","16":"product_tag-konica-minolta","17":"product_tag-machine","18":"product_tag-massicot","19":"product_tag-perforation","20":"product_tag-plastification","21":"product_tag-presse-a-chaude","22":"product_tag-sublimation-pack","23":"product_tag-teneth","24":"product_tag-traceur","25":"product_tag-uv","26":"product_tag-uv-dtf","27":"product_tag-vinyle","28":"product_tag-xp600","30":"first","31":"instock","32":"sale","33":"shipping-taxable","34":"purchasable","35":"product-type-simple"},"_links":{"self":[{"href":"https:\/\/damejprint.com\/index.php?rest_route=\/wp\/v2\/product\/16213","targetHints":{"allow":["GET"]}}],"collection":[{"href":"https:\/\/damejprint.com\/index.php?rest_route=\/wp\/v2\/product"}],"about":[{"href":"https:\/\/damejprint.com\/index.php?rest_route=\/wp\/v2\/types\/product"}],"wp:featuredmedia":[{"embeddable":true,"href":"https:\/\/damejprint.com\/index.php?rest_route=\/wp\/v2\/media\/16214"}],"wp:attachment":[{"href":"https:\/\/damejprint.com\/index.php?rest_route=%2Fwp%2Fv2%2Fmedia&parent=16213"}],"wp:term":[{"taxonomy":"product_brand","embeddable":true,"href":"https:\/\/damejprint.com\/index.php?rest_route=%2Fwp%2Fv2%2Fproduct_brand&post=16213"},{"taxonomy":"product_cat","embeddable":true,"href":"https:\/\/damejprint.com\/index.php?rest_route=%2Fwp%2Fv2%2Fproduct_cat&post=16213"},{"taxonomy":"product_tag","embeddable":true,"href":"https:\/\/damejprint.com\/index.php?rest_route=%2Fwp%2Fv2%2Fproduct_tag&post=16213"}],"curies":[{"name":"wp","href":"https:\/\/api.w.org\/{rel}","templated":true}]}}