{"id":9289,"date":"2024-03-29T14:22:30","date_gmt":"2024-03-29T14:22:30","guid":{"rendered":"http:\/\/localhost\/wp\/ecofish\/checkout\/"},"modified":"2024-03-29T14:22:30","modified_gmt":"2024-03-29T14:22:30","slug":"checkout-2","status":"publish","type":"page","link":"https:\/\/damejprint.com\/?page_id=9289","title":{"rendered":"Checkout"},"content":{"rendered":"\t\t<div data-elementor-type=\"wp-page\" data-elementor-id=\"9289\" class=\"elementor elementor-9289\" data-elementor-post-type=\"page\">\n\t\t\t\t<div class=\"elementor-element elementor-element-1fbff42d e-flex e-con-boxed e-con e-parent\" data-id=\"1fbff42d\" data-element_type=\"container\" data-e-type=\"container\">\n\t\t\t\t\t<div class=\"e-con-inner\">\n\t\t\t\t<div class=\"elementor-element elementor-element-11393d2c elementor-widget elementor-widget-text-editor\" data-id=\"11393d2c\" data-element_type=\"widget\" data-e-type=\"widget\" data-widget_type=\"text-editor.default\">\n\t\t\t\t<div class=\"elementor-widget-container\"><div class=\"woocommerce\">\n<div class=\"woocommerce-notices-wrapper\"><\/div>\n<p><!-- header --><\/p>\n<div class=\"goal-checkout-header\">\n<div class=\"goal-checkout-step\">\n<ul class=\"clearfix\">\n<li >\n<div class=\"inner\">\n\t\t\t\t<span class=\"step\">01<\/span>\t\t\t\t<span class=\"inner-step\"><br \/>\n\t\t\t\t\tShopping Cart\t\t\t\t<\/span>\n\t\t\t\t<\/div>\n<\/li>\n<li class=\"active\">\n<div class=\"inner\">\n\t\t\t\t<span class=\"step\">02<\/span>\t\t\t\t<span class=\"inner-step\"><br \/>\n\t\t\t\t\tCheckout\t\t\t\t<\/span>\n\t\t\t\t<\/div>\n<\/li>\n<li>\n<div class=\"inner\">\n\t\t\t\t<span class=\"step\">03<\/span>\t\t\t\t<span class=\"inner-step\"><br \/>\n\t\t\t\t\tOrder Completed\t\t\t\t<\/span>\n\t\t\t\t<\/div>\n<\/li>\n<\/ul><\/div>\n<\/div>\n<div class=\"wrapper-cart\">\n<div class=\"woocommerce-form-coupon-toggle\">\n<div class=\"woocommerce-info\">\n\t\tAvez-vous un code promo\u00a0? <a href=\"#\" class=\"showcoupon\">Cliquez ici pour saisir votre code<\/a>\t<\/div>\n<\/div>\n<form class=\"checkout_coupon woocommerce-form-coupon\" method=\"post\" style=\"display:none\">\n<p>Si vous poss\u00e9dez un code promo, veuillez l\u2019appliquer ci-dessous.<\/p>\n<p class=\"form-row form-row-first\">\n\t\t<label for=\"coupon_code\" class=\"screen-reader-text\">Code promo\u00a0:<\/label><br \/>\n\t\t<input type=\"text\" name=\"coupon_code\" class=\"input-text\" placeholder=\"Code promo\" id=\"coupon_code\" value=\"\" \/>\n\t<\/p>\n<p class=\"form-row form-row-last\">\n\t\t<button type=\"submit\" class=\"button\" name=\"apply_coupon\" value=\"Appliquer le code promo\">Appliquer le code promo<\/button>\n\t<\/p>\n<div class=\"clear\"><\/div>\n<\/form>\n<div class=\"woocommerce-notices-wrapper\"><\/div>\n<form name=\"checkout\" method=\"post\" class=\"checkout woocommerce-checkout\" action=\"https:\/\/damejprint.com\/?page_id=9289\" enctype=\"multipart\/form-data\">\n<div class=\"row\">\n<div class=\"col-md-7 col-xs-12\">\n<div class=\"details-check\">\n<div class=\"col2-set\" id=\"customer_details\">\n<div class=\"col-1\">\n\t\t\t\t\t\t<wc-order-attribution-inputs><\/wc-order-attribution-inputs><\/p>\n<div class=\"woocommerce-billing-fields\">\n<h3>Billing details<\/h3>\n<div class=\"woocommerce-billing-fields__field-wrapper\">\n<p class=\"form-row form-row-first validate-required\" id=\"billing_first_name_field\" data-priority=\"10\"><label for=\"billing_first_name\" class=\"\">Pr\u00e9nom&nbsp;<abbr class=\"required\" title=\"obligatoire\">*<\/abbr><\/label><span class=\"woocommerce-input-wrapper\"><input type=\"text\" class=\"input-text \" name=\"billing_first_name\" id=\"billing_first_name\" placeholder=\"\"  value=\"\" aria-required=\"true\" autocomplete=\"given-name\" \/><\/span><\/p>\n<p class=\"form-row form-row-last validate-required\" id=\"billing_last_name_field\" data-priority=\"20\"><label for=\"billing_last_name\" class=\"\">Nom&nbsp;<abbr class=\"required\" title=\"obligatoire\">*<\/abbr><\/label><span class=\"woocommerce-input-wrapper\"><input type=\"text\" class=\"input-text \" name=\"billing_last_name\" id=\"billing_last_name\" placeholder=\"\"  value=\"\" aria-required=\"true\" autocomplete=\"family-name\" \/><\/span><\/p>\n<p class=\"form-row form-row-wide validate-required validate-phone\" id=\"billing_phone_field\" data-priority=\"30\"><label for=\"billing_phone\" class=\"\">T\u00e9l\u00e9phone&nbsp;<abbr class=\"required\" title=\"obligatoire\">*<\/abbr><\/label><span class=\"woocommerce-input-wrapper\"><input type=\"tel\" class=\"input-text \" name=\"billing_phone\" id=\"billing_phone\" placeholder=\"\"  value=\"\" aria-required=\"true\" autocomplete=\"tel\" \/><\/span><\/p>\n<p class=\"form-row form-row-wide validate-email\" id=\"billing_email_field\" data-priority=\"40\"><label for=\"billing_email\" class=\"\">Adresse e-mail&nbsp;<span class=\"optional\">(facultatif)<\/span><\/label><span class=\"woocommerce-input-wrapper\"><input type=\"email\" class=\"input-text \" name=\"billing_email\" id=\"billing_email\" placeholder=\"\"  value=\"\" autocomplete=\"email\" \/><\/span><\/p>\n<p class=\"form-row form-row-wide address-field validate-required\" id=\"billing_city_field\" data-priority=\"50\"><label for=\"billing_city\" class=\"\">Ville&nbsp;<abbr class=\"required\" title=\"obligatoire\">*<\/abbr><\/label><span class=\"woocommerce-input-wrapper\"><input type=\"text\" class=\"input-text \" name=\"billing_city\" id=\"billing_city\" placeholder=\"\"  value=\"\" aria-required=\"true\" autocomplete=\"address-level2\" \/><\/span><\/p>\n<p class=\"form-row form-row-wide address-field validate-required\" id=\"billing_address_1_field\" data-priority=\"60\"><label for=\"billing_address_1\" class=\"\">Num\u00e9ro et nom de rue&nbsp;<abbr class=\"required\" title=\"obligatoire\">*<\/abbr><\/label><span class=\"woocommerce-input-wrapper\"><input type=\"text\" class=\"input-text \" name=\"billing_address_1\" id=\"billing_address_1\" placeholder=\"Num\u00e9ro de voie et nom de la rue\"  value=\"\" aria-required=\"true\" autocomplete=\"address-line1\" \/><\/span><\/p>\n<p class=\"form-row form-row-wide address-field\" id=\"billing_address_2_field\" data-priority=\"70\"><label for=\"billing_address_2\" class=\"screen-reader-text\">Appartement, suite, unit\u00e9, etc.&nbsp;<span class=\"optional\">(facultatif)<\/span><\/label><span class=\"woocommerce-input-wrapper\"><input type=\"text\" class=\"input-text \" name=\"billing_address_2\" id=\"billing_address_2\" placeholder=\"B\u00e2timent, appartement, lot, etc. (facultatif)\"  value=\"\" autocomplete=\"address-line2\" \/><\/span><\/p>\n<\/p><\/div>\n<\/p><\/div>\n<\/p><\/div>\n<div class=\"col-2\">\n<div class=\"woocommerce-shipping-fields\">\n<h3>Additional Information<\/h3>\n<p class=\"form-row notes\" id=\"order_comments_field\" data-priority=\"\"><label for=\"order_comments\" class=\"\">Notes de commande&nbsp;<span class=\"optional\">(facultatif)<\/span><\/label><span class=\"woocommerce-input-wrapper\"><textarea name=\"order_comments\" class=\"input-text \" id=\"order_comments\" placeholder=\"Commentaires concernant votre commande, ex.\u00a0: consignes de livraison.\"  rows=\"2\" cols=\"5\"><\/textarea><\/span><\/p>\n<\/p><\/div>\n<\/p><\/div>\n<\/p><\/div>\n<\/p><\/div>\n<\/p><\/div>\n<div class=\"col-md-5 col-xs-12\">\n<div class=\"details-review\">\n<div class=\"order-review\">\n<h3 id=\"order_review_heading\">Your order<\/h3>\n<div id=\"order_review\" class=\"woocommerce-checkout-review-order\">\n<table class=\"shop_table woocommerce-checkout-review-order-table\">\n<thead>\n<tr>\n<th class=\"product-name\">Produit<\/th>\n<th class=\"product-total\">Sous-total<\/th>\n<\/tr>\n<\/thead>\n<tbody>\n<tr class=\"cart_item\">\n<td class=\"product-name\">\n\t\t\t\t\t\tImprimante UV A3, avec vernis&nbsp;\t\t\t\t\t\t <strong class=\"product-quantity\">&times;&nbsp;1<\/strong>\t\t\t\t\t\t\t\t\t\t\t<\/td>\n<td class=\"product-total\">\n\t\t\t\t\t\t<span class=\"woocommerce-Price-amount amount\"><bdi><span class=\"woocommerce-Price-currencySymbol\">&#x62f;.&#x645;.<\/span>44,999.00<\/bdi><\/span>\t\t\t\t\t<\/td>\n<\/tr>\n<tr class=\"cart_item\">\n<td class=\"product-name\">\n\t\t\t\t\t\tMug Pour sublimation, Coeur Coleur (BLUE CLAIR)&nbsp;\t\t\t\t\t\t <strong class=\"product-quantity\">&times;&nbsp;1<\/strong>\t\t\t\t\t\t\t\t\t\t\t<\/td>\n<td class=\"product-total\">\n\t\t\t\t\t\t<span class=\"woocommerce-Price-amount amount\"><bdi><span class=\"woocommerce-Price-currencySymbol\">&#x62f;.&#x645;.<\/span>17.99<\/bdi><\/span>\t\t\t\t\t<\/td>\n<\/tr>\n<tr class=\"cart_item\">\n<td class=\"product-name\">\n\t\t\t\t\t\tENCRE COMPATIBLE EPSON \u2013 YELLOW&nbsp;\t\t\t\t\t\t <strong class=\"product-quantity\">&times;&nbsp;1<\/strong>\t\t\t\t\t\t\t\t\t\t\t<\/td>\n<td class=\"product-total\">\n\t\t\t\t\t\t<span class=\"woocommerce-Price-amount amount\"><bdi><span class=\"woocommerce-Price-currencySymbol\">&#x62f;.&#x645;.<\/span>99.00<\/bdi><\/span>\t\t\t\t\t<\/td>\n<\/tr>\n<tr class=\"cart_item\">\n<td class=\"product-name\">\n\t\t\t\t\t\tMini Heat Press Machine V1&nbsp;\t\t\t\t\t\t <strong class=\"product-quantity\">&times;&nbsp;1<\/strong>\t\t\t\t\t\t\t\t\t\t\t<\/td>\n<td class=\"product-total\">\n\t\t\t\t\t\t<span class=\"woocommerce-Price-amount amount\"><bdi><span class=\"woocommerce-Price-currencySymbol\">&#x62f;.&#x645;.<\/span>449.00<\/bdi><\/span>\t\t\t\t\t<\/td>\n<\/tr>\n<tr class=\"cart_item\">\n<td class=\"product-name\">\n\t\t\t\t\t\tPlastifieuse et pelliculeuse rouleaux professionnelle double face FM 380&nbsp;\t\t\t\t\t\t <strong class=\"product-quantity\">&times;&nbsp;1<\/strong>\t\t\t\t\t\t\t\t\t\t\t<\/td>\n<td class=\"product-total\">\n\t\t\t\t\t\t<span class=\"woocommerce-Price-amount amount\"><bdi><span class=\"woocommerce-Price-currencySymbol\">&#x62f;.&#x645;.<\/span>10,499.00<\/bdi><\/span>\t\t\t\t\t<\/td>\n<\/tr>\n<\/tbody>\n<tfoot>\n<tr class=\"cart-subtotal\">\n<th>Sous-total<\/th>\n<td><span class=\"woocommerce-Price-amount amount\"><bdi><span class=\"woocommerce-Price-currencySymbol\">&#x62f;.&#x645;.<\/span>56,063.99<\/bdi><\/span><\/td>\n<\/tr>\n<tr class=\"order-total\">\n<th>Total<\/th>\n<td><strong><span class=\"woocommerce-Price-amount amount\"><bdi><span class=\"woocommerce-Price-currencySymbol\">&#x62f;.&#x645;.<\/span>56,063.99<\/bdi><\/span><\/strong> <\/td>\n<\/tr>\n<\/tfoot>\n<\/table>\n<div id=\"payment\" class=\"woocommerce-checkout-payment\">\n<ul class=\"wc_payment_methods payment_methods methods\">\n<li class=\"wc_payment_method payment_method_bacs\">\n\t<input id=\"payment_method_bacs\" type=\"radio\" class=\"input-radio\" name=\"payment_method\" value=\"bacs\"  checked='checked' data-order_button_text=\"\" \/><\/p>\n<p>\t<label for=\"payment_method_bacs\"><br \/>\n\t\tVirement bancaire \t<\/label><\/p>\n<div class=\"payment_box payment_method_bacs\" >\n<p>Effectuez le paiement directement depuis votre compte bancaire. Veuillez utiliser l\u2019ID de votre commande comme r\u00e9f\u00e9rence du paiement. Votre commande ne sera pas exp\u00e9di\u00e9e tant que les fonds ne seront pas re\u00e7us.<\/p>\n<\/p><\/div>\n<\/li>\n<li class=\"wc_payment_method payment_method_cod\">\n\t<input id=\"payment_method_cod\" type=\"radio\" class=\"input-radio\" name=\"payment_method\" value=\"cod\"  data-order_button_text=\"\" \/><\/p>\n<p>\t<label for=\"payment_method_cod\"><br \/>\n\t\tPaiement \u00e0 la livraison \t<\/label><\/p>\n<div class=\"payment_box payment_method_cod\" style=\"display:none;\">\n<p>Payer en argent comptant \u00e0 la livraison.<\/p>\n<\/p><\/div>\n<\/li>\n<\/ul>\n<div class=\"form-row place-order\">\n\t\t<noscript><br \/>\n\t\t\tSince your browser does not support JavaScript, or it is disabled, please ensure you click the <em>Update Totals<\/em> button before placing your order. You may be charged more than the amount stated above if you fail to do so.\t\t\t<br \/><button type=\"submit\" class=\"button alt\" name=\"woocommerce_checkout_update_totals\" value=\"Update totals\">Update totals<\/button><br \/>\n\t\t<\/noscript><\/p>\n<div class=\"woocommerce-terms-and-conditions-wrapper\">\n<div class=\"woocommerce-privacy-policy-text\"><\/div>\n<\/p><\/div>\n<p>\t\t<button type=\"submit\" class=\"btn btn-theme-second  btn-block alt\" name=\"woocommerce_checkout_place_order\" id=\"place_order\" value=\"Commander\" data-value=\"Commander\">Commander<\/button><\/p>\n<p>\t\t<input type=\"hidden\" id=\"woocommerce-process-checkout-nonce\" name=\"woocommerce-process-checkout-nonce\" value=\"17503a51f7\" \/><input type=\"hidden\" name=\"_wp_http_referer\" value=\"\/index.php?rest_route=%2Fwp%2Fv2%2Fpages%2F9289\" \/>\t<\/div>\n<\/div><\/div>\n<\/p><\/div>\n<\/p><\/div>\n<\/p><\/div>\n<\/p><\/div>\n<\/p><\/form>\n<\/p><\/div>\n<\/div><\/div>\n\t\t\t\t<\/div>\n\t\t\t\t\t<\/div>\n\t\t\t\t<\/div>\t\t<\/div>\n\t\t","protected":false},"excerpt":{"rendered":"","protected":false},"author":1,"featured_media":0,"parent":0,"menu_order":0,"comment_status":"closed","ping_status":"closed","template":"","meta":{"footnotes":""},"class_list":["post-9289","page","type-page","status-publish","hentry"],"_links":{"self":[{"href":"https:\/\/damejprint.com\/index.php?rest_route=\/wp\/v2\/pages\/9289","targetHints":{"allow":["GET"]}}],"collection":[{"href":"https:\/\/damejprint.com\/index.php?rest_route=\/wp\/v2\/pages"}],"about":[{"href":"https:\/\/damejprint.com\/index.php?rest_route=\/wp\/v2\/types\/page"}],"author":[{"embeddable":true,"href":"https:\/\/damejprint.com\/index.php?rest_route=\/wp\/v2\/users\/1"}],"replies":[{"embeddable":true,"href":"https:\/\/damejprint.com\/index.php?rest_route=%2Fwp%2Fv2%2Fcomments&post=9289"}],"version-history":[{"count":0,"href":"https:\/\/damejprint.com\/index.php?rest_route=\/wp\/v2\/pages\/9289\/revisions"}],"wp:attachment":[{"href":"https:\/\/damejprint.com\/index.php?rest_route=%2Fwp%2Fv2%2Fmedia&parent=9289"}],"curies":[{"name":"wp","href":"https:\/\/api.w.org\/{rel}","templated":true}]}}